{"id":3084,"date":"2020-06-02T15:06:45","date_gmt":"2020-06-02T15:06:45","guid":{"rendered":"https:\/\/www.turismobenahavis.org\/tu-visita\/"},"modified":"2020-08-18T07:58:49","modified_gmt":"2020-08-18T07:58:49","slug":"your-visit","status":"publish","type":"page","link":"https:\/\/www.turismobenahavis.org\/en\/your-visit\/","title":{"rendered":"Your visit"},"content":{"rendered":"<p>Have you decided to visit Benahavis? Now is the time to plan it and get information about the weather, how to get there, timetables and other relevant information such as documentation, health services, etc.<\/p>\n","protected":false},"excerpt":{"rendered":"<p>Have you decided to visit Benahavis? Now is the time to plan it and get information about the weather, how to get there, timetables and other relevant information such as documentation, health services, etc.<\/p>\n","protected":false},"author":1,"featured_media":0,"parent":0,"menu_order":0,"comment_status":"closed","ping_status":"closed","template":"templates\/ic-tu-visita.php","meta":{"inline_featured_image":false},"acf":[],"yoast_head":"<!-- This site is optimized with the Yoast SEO plugin v19.4 - https:\/\/yoast.com\/wordpress\/plugins\/seo\/ -->\n<title>Your visit - Turismo Benahav\u00eds<\/title>\n<meta name=\"robots\" content=\"index, follow, max-snippet:-1, max-image-preview:large, max-video-preview:-1\" \/>\n<link rel=\"canonical\" href=\"https:\/\/www.turismobenahavis.org\/en\/your-visit\/\" \/>\n<meta property=\"og:locale\" content=\"en_US\" \/>\n<meta property=\"og:type\" content=\"article\" \/>\n<meta property=\"og:title\" content=\"Your visit - Turismo Benahav\u00eds\" \/>\n<meta property=\"og:description\" content=\"Have you decided to visit Benahavis? Now is the time to plan it and get information about the weather, how to get there, timetables and other relevant information such as documentation, health services, etc.\" \/>\n<meta property=\"og:url\" content=\"https:\/\/www.turismobenahavis.org\/en\/your-visit\/\" \/>\n<meta property=\"og:site_name\" content=\"Turismo Benahav\u00eds\" \/>\n<meta property=\"article:modified_time\" content=\"2020-08-18T07:58:49+00:00\" \/>\n<meta name=\"twitter:card\" content=\"summary_large_image\" \/>\n<script type=\"application\/ld+json\" class=\"yoast-schema-graph\">{\"@context\":\"https:\/\/schema.org\",\"@graph\":[{\"@type\":\"WebSite\",\"@id\":\"https:\/\/www.turismobenahavis.org\/#website\",\"url\":\"https:\/\/www.turismobenahavis.org\/\",\"name\":\"Turismo Benahav\u00eds\",\"description\":\"Informaci\u00f3n acerca del municipio de Benahav\u00eds.\",\"potentialAction\":[{\"@type\":\"SearchAction\",\"target\":{\"@type\":\"EntryPoint\",\"urlTemplate\":\"https:\/\/www.turismobenahavis.org\/?s={search_term_string}\"},\"query-input\":\"required name=search_term_string\"}],\"inLanguage\":\"en-US\"},{\"@type\":\"WebPage\",\"@id\":\"https:\/\/www.turismobenahavis.org\/en\/your-visit\/\",\"url\":\"https:\/\/www.turismobenahavis.org\/en\/your-visit\/\",\"name\":\"Your visit - Turismo Benahav\u00eds\",\"isPartOf\":{\"@id\":\"https:\/\/www.turismobenahavis.org\/#website\"},\"datePublished\":\"2020-06-02T15:06:45+00:00\",\"dateModified\":\"2020-08-18T07:58:49+00:00\",\"breadcrumb\":{\"@id\":\"https:\/\/www.turismobenahavis.org\/en\/your-visit\/#breadcrumb\"},\"inLanguage\":\"en-US\",\"potentialAction\":[{\"@type\":\"ReadAction\",\"target\":[\"https:\/\/www.turismobenahavis.org\/en\/your-visit\/\"]}]},{\"@type\":\"BreadcrumbList\",\"@id\":\"https:\/\/www.turismobenahavis.org\/en\/your-visit\/#breadcrumb\",\"itemListElement\":[{\"@type\":\"ListItem\",\"position\":1,\"name\":\"Home\",\"item\":\"https:\/\/www.turismobenahavis.org\/en\/\"},{\"@type\":\"ListItem\",\"position\":2,\"name\":\"Your visit\"}]}]}<\/script>\n<!-- \/ Yoast SEO plugin. -->","yoast_head_json":{"title":"Your visit - Turismo Benahav\u00eds","robots":{"index":"index","follow":"follow","max-snippet":"max-snippet:-1","max-image-preview":"max-image-preview:large","max-video-preview":"max-video-preview:-1"},"canonical":"https:\/\/www.turismobenahavis.org\/en\/your-visit\/","og_locale":"en_US","og_type":"article","og_title":"Your visit - Turismo Benahav\u00eds","og_description":"Have you decided to visit Benahavis? Now is the time to plan it and get information about the weather, how to get there, timetables and other relevant information such as documentation, health services, etc.","og_url":"https:\/\/www.turismobenahavis.org\/en\/your-visit\/","og_site_name":"Turismo Benahav\u00eds","article_modified_time":"2020-08-18T07:58:49+00:00","twitter_card":"summary_large_image","schema":{"@context":"https:\/\/schema.org","@graph":[{"@type":"WebSite","@id":"https:\/\/www.turismobenahavis.org\/#website","url":"https:\/\/www.turismobenahavis.org\/","name":"Turismo Benahav\u00eds","description":"Informaci\u00f3n acerca del municipio de Benahav\u00eds.","potentialAction":[{"@type":"SearchAction","target":{"@type":"EntryPoint","urlTemplate":"https:\/\/www.turismobenahavis.org\/?s={search_term_string}"},"query-input":"required name=search_term_string"}],"inLanguage":"en-US"},{"@type":"WebPage","@id":"https:\/\/www.turismobenahavis.org\/en\/your-visit\/","url":"https:\/\/www.turismobenahavis.org\/en\/your-visit\/","name":"Your visit - Turismo Benahav\u00eds","isPartOf":{"@id":"https:\/\/www.turismobenahavis.org\/#website"},"datePublished":"2020-06-02T15:06:45+00:00","dateModified":"2020-08-18T07:58:49+00:00","breadcrumb":{"@id":"https:\/\/www.turismobenahavis.org\/en\/your-visit\/#breadcrumb"},"inLanguage":"en-US","potentialAction":[{"@type":"ReadAction","target":["https:\/\/www.turismobenahavis.org\/en\/your-visit\/"]}]},{"@type":"BreadcrumbList","@id":"https:\/\/www.turismobenahavis.org\/en\/your-visit\/#breadcrumb","itemListElement":[{"@type":"ListItem","position":1,"name":"Home","item":"https:\/\/www.turismobenahavis.org\/en\/"},{"@type":"ListItem","position":2,"name":"Your visit"}]}]}},"_links":{"self":[{"href":"https:\/\/www.turismobenahavis.org\/en\/wp-json\/wp\/v2\/pages\/3084"}],"collection":[{"href":"https:\/\/www.turismobenahavis.org\/en\/wp-json\/wp\/v2\/pages"}],"about":[{"href":"https:\/\/www.turismobenahavis.org\/en\/wp-json\/wp\/v2\/types\/page"}],"author":[{"embeddable":true,"href":"https:\/\/www.turismobenahavis.org\/en\/wp-json\/wp\/v2\/users\/1"}],"replies":[{"embeddable":true,"href":"https:\/\/www.turismobenahavis.org\/en\/wp-json\/wp\/v2\/comments?post=3084"}],"version-history":[{"count":3,"href":"https:\/\/www.turismobenahavis.org\/en\/wp-json\/wp\/v2\/pages\/3084\/revisions"}],"predecessor-version":[{"id":3087,"href":"https:\/\/www.turismobenahavis.org\/en\/wp-json\/wp\/v2\/pages\/3084\/revisions\/3087"}],"wp:attachment":[{"href":"https:\/\/www.turismobenahavis.org\/en\/wp-json\/wp\/v2\/media?parent=3084"}],"curies":[{"name":"wp","href":"https:\/\/api.w.org\/{rel}","templated":true}]}}