{"id":3106,"date":"2020-06-02T15:08:13","date_gmt":"2020-06-02T15:08:13","guid":{"rendered":"https:\/\/www.turismobenahavis.org\/tu-visita\/como-llegar\/"},"modified":"2020-09-08T10:28:46","modified_gmt":"2020-09-08T10:28:46","slug":"how-to-arrive","status":"publish","type":"page","link":"https:\/\/www.turismobenahavis.org\/en\/your-visit\/how-to-arrive\/","title":{"rendered":"How to arrive"},"content":{"rendered":"","protected":false},"excerpt":{"rendered":"","protected":false},"author":1,"featured_media":0,"parent":3084,"menu_order":1,"comment_status":"closed","ping_status":"closed","template":"templates\/ic-como-llegar.php","meta":{"inline_featured_image":false},"acf":[],"yoast_head":"<!-- This site is optimized with the Yoast SEO plugin v19.4 - https:\/\/yoast.com\/wordpress\/plugins\/seo\/ -->\n<title>How to arrive - Turismo Benahav\u00eds<\/title>\n<meta name=\"robots\" content=\"index, follow, max-snippet:-1, max-image-preview:large, max-video-preview:-1\" \/>\n<link rel=\"canonical\" href=\"https:\/\/www.turismobenahavis.org\/en\/your-visit\/how-to-arrive\/\" \/>\n<meta property=\"og:locale\" content=\"en_US\" \/>\n<meta property=\"og:type\" content=\"article\" \/>\n<meta property=\"og:title\" content=\"How to arrive - Turismo Benahav\u00eds\" \/>\n<meta property=\"og:url\" content=\"https:\/\/www.turismobenahavis.org\/en\/your-visit\/how-to-arrive\/\" \/>\n<meta property=\"og:site_name\" content=\"Turismo Benahav\u00eds\" \/>\n<meta property=\"article:modified_time\" content=\"2020-09-08T10:28:46+00:00\" \/>\n<meta name=\"twitter:card\" content=\"summary_large_image\" \/>\n<script type=\"application\/ld+json\" class=\"yoast-schema-graph\">{\"@context\":\"https:\/\/schema.org\",\"@graph\":[{\"@type\":\"WebSite\",\"@id\":\"https:\/\/www.turismobenahavis.org\/#website\",\"url\":\"https:\/\/www.turismobenahavis.org\/\",\"name\":\"Turismo Benahav\u00eds\",\"description\":\"Informaci\u00f3n acerca del municipio de Benahav\u00eds.\",\"potentialAction\":[{\"@type\":\"SearchAction\",\"target\":{\"@type\":\"EntryPoint\",\"urlTemplate\":\"https:\/\/www.turismobenahavis.org\/?s={search_term_string}\"},\"query-input\":\"required name=search_term_string\"}],\"inLanguage\":\"en-US\"},{\"@type\":\"WebPage\",\"@id\":\"https:\/\/www.turismobenahavis.org\/en\/your-visit\/how-to-arrive\/\",\"url\":\"https:\/\/www.turismobenahavis.org\/en\/your-visit\/how-to-arrive\/\",\"name\":\"How to arrive - Turismo Benahav\u00eds\",\"isPartOf\":{\"@id\":\"https:\/\/www.turismobenahavis.org\/#website\"},\"datePublished\":\"2020-06-02T15:08:13+00:00\",\"dateModified\":\"2020-09-08T10:28:46+00:00\",\"breadcrumb\":{\"@id\":\"https:\/\/www.turismobenahavis.org\/en\/your-visit\/how-to-arrive\/#breadcrumb\"},\"inLanguage\":\"en-US\",\"potentialAction\":[{\"@type\":\"ReadAction\",\"target\":[\"https:\/\/www.turismobenahavis.org\/en\/your-visit\/how-to-arrive\/\"]}]},{\"@type\":\"BreadcrumbList\",\"@id\":\"https:\/\/www.turismobenahavis.org\/en\/your-visit\/how-to-arrive\/#breadcrumb\",\"itemListElement\":[{\"@type\":\"ListItem\",\"position\":1,\"name\":\"Home\",\"item\":\"https:\/\/www.turismobenahavis.org\/en\/\"},{\"@type\":\"ListItem\",\"position\":2,\"name\":\"Your visit\",\"item\":\"https:\/\/www.turismobenahavis.org\/en\/your-visit\/\"},{\"@type\":\"ListItem\",\"position\":3,\"name\":\"How to arrive\"}]}]}<\/script>\n<!-- \/ Yoast SEO plugin. -->","yoast_head_json":{"title":"How to arrive - Turismo Benahav\u00eds","robots":{"index":"index","follow":"follow","max-snippet":"max-snippet:-1","max-image-preview":"max-image-preview:large","max-video-preview":"max-video-preview:-1"},"canonical":"https:\/\/www.turismobenahavis.org\/en\/your-visit\/how-to-arrive\/","og_locale":"en_US","og_type":"article","og_title":"How to arrive - Turismo Benahav\u00eds","og_url":"https:\/\/www.turismobenahavis.org\/en\/your-visit\/how-to-arrive\/","og_site_name":"Turismo Benahav\u00eds","article_modified_time":"2020-09-08T10:28:46+00:00","twitter_card":"summary_large_image","schema":{"@context":"https:\/\/schema.org","@graph":[{"@type":"WebSite","@id":"https:\/\/www.turismobenahavis.org\/#website","url":"https:\/\/www.turismobenahavis.org\/","name":"Turismo Benahav\u00eds","description":"Informaci\u00f3n acerca del municipio de Benahav\u00eds.","potentialAction":[{"@type":"SearchAction","target":{"@type":"EntryPoint","urlTemplate":"https:\/\/www.turismobenahavis.org\/?s={search_term_string}"},"query-input":"required name=search_term_string"}],"inLanguage":"en-US"},{"@type":"WebPage","@id":"https:\/\/www.turismobenahavis.org\/en\/your-visit\/how-to-arrive\/","url":"https:\/\/www.turismobenahavis.org\/en\/your-visit\/how-to-arrive\/","name":"How to arrive - Turismo Benahav\u00eds","isPartOf":{"@id":"https:\/\/www.turismobenahavis.org\/#website"},"datePublished":"2020-06-02T15:08:13+00:00","dateModified":"2020-09-08T10:28:46+00:00","breadcrumb":{"@id":"https:\/\/www.turismobenahavis.org\/en\/your-visit\/how-to-arrive\/#breadcrumb"},"inLanguage":"en-US","potentialAction":[{"@type":"ReadAction","target":["https:\/\/www.turismobenahavis.org\/en\/your-visit\/how-to-arrive\/"]}]},{"@type":"BreadcrumbList","@id":"https:\/\/www.turismobenahavis.org\/en\/your-visit\/how-to-arrive\/#breadcrumb","itemListElement":[{"@type":"ListItem","position":1,"name":"Home","item":"https:\/\/www.turismobenahavis.org\/en\/"},{"@type":"ListItem","position":2,"name":"Your visit","item":"https:\/\/www.turismobenahavis.org\/en\/your-visit\/"},{"@type":"ListItem","position":3,"name":"How to arrive"}]}]}},"_links":{"self":[{"href":"https:\/\/www.turismobenahavis.org\/en\/wp-json\/wp\/v2\/pages\/3106"}],"collection":[{"href":"https:\/\/www.turismobenahavis.org\/en\/wp-json\/wp\/v2\/pages"}],"about":[{"href":"https:\/\/www.turismobenahavis.org\/en\/wp-json\/wp\/v2\/types\/page"}],"author":[{"embeddable":true,"href":"https:\/\/www.turismobenahavis.org\/en\/wp-json\/wp\/v2\/users\/1"}],"replies":[{"embeddable":true,"href":"https:\/\/www.turismobenahavis.org\/en\/wp-json\/wp\/v2\/comments?post=3106"}],"version-history":[{"count":4,"href":"https:\/\/www.turismobenahavis.org\/en\/wp-json\/wp\/v2\/pages\/3106\/revisions"}],"predecessor-version":[{"id":4757,"href":"https:\/\/www.turismobenahavis.org\/en\/wp-json\/wp\/v2\/pages\/3106\/revisions\/4757"}],"up":[{"embeddable":true,"href":"https:\/\/www.turismobenahavis.org\/en\/wp-json\/wp\/v2\/pages\/3084"}],"wp:attachment":[{"href":"https:\/\/www.turismobenahavis.org\/en\/wp-json\/wp\/v2\/media?parent=3106"}],"curies":[{"name":"wp","href":"https:\/\/api.w.org\/{rel}","templated":true}]}}