{"id":3127,"date":"2020-06-02T15:06:19","date_gmt":"2020-06-02T15:06:19","guid":{"rendered":"https:\/\/www.turismobenahavis.org\/alrededores\/"},"modified":"2020-09-23T10:50:15","modified_gmt":"2020-09-23T10:50:15","slug":"surroundings","status":"publish","type":"page","link":"https:\/\/www.turismobenahavis.org\/en\/surroundings\/","title":{"rendered":"Surroundings"},"content":{"rendered":"<p>Nam eget dui. Etiam rhoncus. Maecenas tempus, tellus eget condimentum rhoncus, sem quam semper libero, sit amet adipiscing sem neque sed ipsum. Nam quam nunc, blandit vel, luctus pulvinar, hendrerit id, lorem. Maecenas nec odio et ante tincidunt tempus.<\/p>\n<p>Donec vitae sapien ut libero venenatis faucibus. Nullam quis ante. Etiam sit amet orci eget eros faucibus tincidunt. Duis Leo. Sed fringilla mauris sit amet nibh. Donec sodales sagittis magna. Sed consequat, leo eget bibendum sodales, augue velit cursus nunc, quis gravida magna mi a libero.<\/p>\n","protected":false},"excerpt":{"rendered":"<p>Nam eget dui. Etiam rhoncus. Maecenas tempus, tellus eget condimentum rhoncus, sem quam semper libero, sit amet adipiscing sem neque sed ipsum. Nam quam nunc, blandit vel, luctus pulvinar, hendrerit id, lorem. Maecenas nec odio et ante tincidunt tempus. Donec vitae sapien ut libero venenatis faucibus. Nullam quis ante. Etiam sit amet orci eget eros [&hellip;]<\/p>\n","protected":false},"author":1,"featured_media":2723,"parent":0,"menu_order":0,"comment_status":"closed","ping_status":"closed","template":"templates\/ic-alrededores.php","meta":{"inline_featured_image":false},"acf":[],"yoast_head":"<!-- This site is optimized with the Yoast SEO plugin v19.4 - https:\/\/yoast.com\/wordpress\/plugins\/seo\/ -->\n<title>Surroundings - Turismo Benahav\u00eds<\/title>\n<meta name=\"robots\" content=\"index, follow, max-snippet:-1, max-image-preview:large, max-video-preview:-1\" \/>\n<link rel=\"canonical\" href=\"https:\/\/www.turismobenahavis.org\/en\/surroundings\/\" \/>\n<meta property=\"og:locale\" content=\"en_US\" \/>\n<meta property=\"og:type\" content=\"article\" \/>\n<meta property=\"og:title\" content=\"Surroundings - Turismo Benahav\u00eds\" \/>\n<meta property=\"og:description\" content=\"Nam eget dui. Etiam rhoncus. Maecenas tempus, tellus eget condimentum rhoncus, sem quam semper libero, sit amet adipiscing sem neque sed ipsum. Nam quam nunc, blandit vel, luctus pulvinar, hendrerit id, lorem. Maecenas nec odio et ante tincidunt tempus. Donec vitae sapien ut libero venenatis faucibus. Nullam quis ante. Etiam sit amet orci eget eros [&hellip;]\" \/>\n<meta property=\"og:url\" content=\"https:\/\/www.turismobenahavis.org\/en\/surroundings\/\" \/>\n<meta property=\"og:site_name\" content=\"Turismo Benahav\u00eds\" \/>\n<meta property=\"article:modified_time\" content=\"2020-09-23T10:50:15+00:00\" \/>\n<meta property=\"og:image\" content=\"https:\/\/www.turismobenahavis.org\/wp-content\/uploads\/2020\/07\/alrededores-benahavis-scaled.jpg\" \/>\n\t<meta property=\"og:image:width\" content=\"2560\" \/>\n\t<meta property=\"og:image:height\" content=\"759\" \/>\n\t<meta property=\"og:image:type\" content=\"image\/jpeg\" \/>\n<meta name=\"twitter:card\" content=\"summary_large_image\" \/>\n<script type=\"application\/ld+json\" class=\"yoast-schema-graph\">{\"@context\":\"https:\/\/schema.org\",\"@graph\":[{\"@type\":\"WebSite\",\"@id\":\"https:\/\/www.turismobenahavis.org\/#website\",\"url\":\"https:\/\/www.turismobenahavis.org\/\",\"name\":\"Turismo Benahav\u00eds\",\"description\":\"Informaci\u00f3n acerca del municipio de Benahav\u00eds.\",\"potentialAction\":[{\"@type\":\"SearchAction\",\"target\":{\"@type\":\"EntryPoint\",\"urlTemplate\":\"https:\/\/www.turismobenahavis.org\/?s={search_term_string}\"},\"query-input\":\"required name=search_term_string\"}],\"inLanguage\":\"en-US\"},{\"@type\":\"WebPage\",\"@id\":\"https:\/\/www.turismobenahavis.org\/en\/surroundings\/\",\"url\":\"https:\/\/www.turismobenahavis.org\/en\/surroundings\/\",\"name\":\"Surroundings - Turismo Benahav\u00eds\",\"isPartOf\":{\"@id\":\"https:\/\/www.turismobenahavis.org\/#website\"},\"datePublished\":\"2020-06-02T15:06:19+00:00\",\"dateModified\":\"2020-09-23T10:50:15+00:00\",\"breadcrumb\":{\"@id\":\"https:\/\/www.turismobenahavis.org\/en\/surroundings\/#breadcrumb\"},\"inLanguage\":\"en-US\",\"potentialAction\":[{\"@type\":\"ReadAction\",\"target\":[\"https:\/\/www.turismobenahavis.org\/en\/surroundings\/\"]}]},{\"@type\":\"BreadcrumbList\",\"@id\":\"https:\/\/www.turismobenahavis.org\/en\/surroundings\/#breadcrumb\",\"itemListElement\":[{\"@type\":\"ListItem\",\"position\":1,\"name\":\"Home\",\"item\":\"https:\/\/www.turismobenahavis.org\/en\/\"},{\"@type\":\"ListItem\",\"position\":2,\"name\":\"Surroundings\"}]}]}<\/script>\n<!-- \/ Yoast SEO plugin. -->","yoast_head_json":{"title":"Surroundings - Turismo Benahav\u00eds","robots":{"index":"index","follow":"follow","max-snippet":"max-snippet:-1","max-image-preview":"max-image-preview:large","max-video-preview":"max-video-preview:-1"},"canonical":"https:\/\/www.turismobenahavis.org\/en\/surroundings\/","og_locale":"en_US","og_type":"article","og_title":"Surroundings - Turismo Benahav\u00eds","og_description":"Nam eget dui. Etiam rhoncus. Maecenas tempus, tellus eget condimentum rhoncus, sem quam semper libero, sit amet adipiscing sem neque sed ipsum. Nam quam nunc, blandit vel, luctus pulvinar, hendrerit id, lorem. Maecenas nec odio et ante tincidunt tempus. Donec vitae sapien ut libero venenatis faucibus. Nullam quis ante. Etiam sit amet orci eget eros [&hellip;]","og_url":"https:\/\/www.turismobenahavis.org\/en\/surroundings\/","og_site_name":"Turismo Benahav\u00eds","article_modified_time":"2020-09-23T10:50:15+00:00","og_image":[{"width":2560,"height":759,"url":"https:\/\/www.turismobenahavis.org\/wp-content\/uploads\/2020\/07\/alrededores-benahavis-scaled.jpg","type":"image\/jpeg"}],"twitter_card":"summary_large_image","schema":{"@context":"https:\/\/schema.org","@graph":[{"@type":"WebSite","@id":"https:\/\/www.turismobenahavis.org\/#website","url":"https:\/\/www.turismobenahavis.org\/","name":"Turismo Benahav\u00eds","description":"Informaci\u00f3n acerca del municipio de Benahav\u00eds.","potentialAction":[{"@type":"SearchAction","target":{"@type":"EntryPoint","urlTemplate":"https:\/\/www.turismobenahavis.org\/?s={search_term_string}"},"query-input":"required name=search_term_string"}],"inLanguage":"en-US"},{"@type":"WebPage","@id":"https:\/\/www.turismobenahavis.org\/en\/surroundings\/","url":"https:\/\/www.turismobenahavis.org\/en\/surroundings\/","name":"Surroundings - Turismo Benahav\u00eds","isPartOf":{"@id":"https:\/\/www.turismobenahavis.org\/#website"},"datePublished":"2020-06-02T15:06:19+00:00","dateModified":"2020-09-23T10:50:15+00:00","breadcrumb":{"@id":"https:\/\/www.turismobenahavis.org\/en\/surroundings\/#breadcrumb"},"inLanguage":"en-US","potentialAction":[{"@type":"ReadAction","target":["https:\/\/www.turismobenahavis.org\/en\/surroundings\/"]}]},{"@type":"BreadcrumbList","@id":"https:\/\/www.turismobenahavis.org\/en\/surroundings\/#breadcrumb","itemListElement":[{"@type":"ListItem","position":1,"name":"Home","item":"https:\/\/www.turismobenahavis.org\/en\/"},{"@type":"ListItem","position":2,"name":"Surroundings"}]}]}},"_links":{"self":[{"href":"https:\/\/www.turismobenahavis.org\/en\/wp-json\/wp\/v2\/pages\/3127"}],"collection":[{"href":"https:\/\/www.turismobenahavis.org\/en\/wp-json\/wp\/v2\/pages"}],"about":[{"href":"https:\/\/www.turismobenahavis.org\/en\/wp-json\/wp\/v2\/types\/page"}],"author":[{"embeddable":true,"href":"https:\/\/www.turismobenahavis.org\/en\/wp-json\/wp\/v2\/users\/1"}],"replies":[{"embeddable":true,"href":"https:\/\/www.turismobenahavis.org\/en\/wp-json\/wp\/v2\/comments?post=3127"}],"version-history":[{"count":3,"href":"https:\/\/www.turismobenahavis.org\/en\/wp-json\/wp\/v2\/pages\/3127\/revisions"}],"predecessor-version":[{"id":4967,"href":"https:\/\/www.turismobenahavis.org\/en\/wp-json\/wp\/v2\/pages\/3127\/revisions\/4967"}],"wp:featuredmedia":[{"embeddable":true,"href":"https:\/\/www.turismobenahavis.org\/en\/wp-json\/wp\/v2\/media\/2723"}],"wp:attachment":[{"href":"https:\/\/www.turismobenahavis.org\/en\/wp-json\/wp\/v2\/media?parent=3127"}],"curies":[{"name":"wp","href":"https:\/\/api.w.org\/{rel}","templated":true}]}}