{"id":3149,"date":"2020-06-02T15:02:08","date_gmt":"2020-06-02T15:02:08","guid":{"rendered":"https:\/\/www.turismobenahavis.org\/el-municipio\/"},"modified":"2020-09-17T11:12:36","modified_gmt":"2020-09-17T11:12:36","slug":"the-town","status":"publish","type":"page","link":"https:\/\/www.turismobenahavis.org\/en\/the-town\/","title":{"rendered":"The Town"},"content":{"rendered":"","protected":false},"excerpt":{"rendered":"","protected":false},"author":1,"featured_media":2721,"parent":0,"menu_order":0,"comment_status":"closed","ping_status":"closed","template":"templates\/ic-municipio.php","meta":{"inline_featured_image":false},"acf":[],"yoast_head":"<!-- This site is optimized with the Yoast SEO plugin v19.4 - https:\/\/yoast.com\/wordpress\/plugins\/seo\/ -->\n<title>The Town - Turismo Benahav\u00eds<\/title>\n<meta name=\"robots\" content=\"index, follow, max-snippet:-1, max-image-preview:large, max-video-preview:-1\" \/>\n<link rel=\"canonical\" href=\"https:\/\/www.turismobenahavis.org\/en\/the-town\/\" \/>\n<meta property=\"og:locale\" content=\"en_US\" \/>\n<meta property=\"og:type\" content=\"article\" \/>\n<meta property=\"og:title\" content=\"The Town - Turismo Benahav\u00eds\" \/>\n<meta property=\"og:url\" content=\"https:\/\/www.turismobenahavis.org\/en\/the-town\/\" \/>\n<meta property=\"og:site_name\" content=\"Turismo Benahav\u00eds\" \/>\n<meta property=\"article:modified_time\" content=\"2020-09-17T11:12:36+00:00\" \/>\n<meta property=\"og:image\" content=\"https:\/\/www.turismobenahavis.org\/wp-content\/uploads\/2020\/07\/slide-munipio-benahavis-1-scaled.jpg\" \/>\n\t<meta property=\"og:image:width\" content=\"2560\" \/>\n\t<meta property=\"og:image:height\" content=\"759\" \/>\n\t<meta property=\"og:image:type\" content=\"image\/jpeg\" \/>\n<meta name=\"twitter:card\" content=\"summary_large_image\" \/>\n<script type=\"application\/ld+json\" class=\"yoast-schema-graph\">{\"@context\":\"https:\/\/schema.org\",\"@graph\":[{\"@type\":\"WebSite\",\"@id\":\"https:\/\/www.turismobenahavis.org\/#website\",\"url\":\"https:\/\/www.turismobenahavis.org\/\",\"name\":\"Turismo Benahav\u00eds\",\"description\":\"Informaci\u00f3n acerca del municipio de Benahav\u00eds.\",\"potentialAction\":[{\"@type\":\"SearchAction\",\"target\":{\"@type\":\"EntryPoint\",\"urlTemplate\":\"https:\/\/www.turismobenahavis.org\/?s={search_term_string}\"},\"query-input\":\"required name=search_term_string\"}],\"inLanguage\":\"en-US\"},{\"@type\":\"WebPage\",\"@id\":\"https:\/\/www.turismobenahavis.org\/en\/the-town\/\",\"url\":\"https:\/\/www.turismobenahavis.org\/en\/the-town\/\",\"name\":\"The Town - Turismo Benahav\u00eds\",\"isPartOf\":{\"@id\":\"https:\/\/www.turismobenahavis.org\/#website\"},\"datePublished\":\"2020-06-02T15:02:08+00:00\",\"dateModified\":\"2020-09-17T11:12:36+00:00\",\"breadcrumb\":{\"@id\":\"https:\/\/www.turismobenahavis.org\/en\/the-town\/#breadcrumb\"},\"inLanguage\":\"en-US\",\"potentialAction\":[{\"@type\":\"ReadAction\",\"target\":[\"https:\/\/www.turismobenahavis.org\/en\/the-town\/\"]}]},{\"@type\":\"BreadcrumbList\",\"@id\":\"https:\/\/www.turismobenahavis.org\/en\/the-town\/#breadcrumb\",\"itemListElement\":[{\"@type\":\"ListItem\",\"position\":1,\"name\":\"Home\",\"item\":\"https:\/\/www.turismobenahavis.org\/en\/\"},{\"@type\":\"ListItem\",\"position\":2,\"name\":\"The Town\"}]}]}<\/script>\n<!-- \/ Yoast SEO plugin. -->","yoast_head_json":{"title":"The Town - Turismo Benahav\u00eds","robots":{"index":"index","follow":"follow","max-snippet":"max-snippet:-1","max-image-preview":"max-image-preview:large","max-video-preview":"max-video-preview:-1"},"canonical":"https:\/\/www.turismobenahavis.org\/en\/the-town\/","og_locale":"en_US","og_type":"article","og_title":"The Town - Turismo Benahav\u00eds","og_url":"https:\/\/www.turismobenahavis.org\/en\/the-town\/","og_site_name":"Turismo Benahav\u00eds","article_modified_time":"2020-09-17T11:12:36+00:00","og_image":[{"width":2560,"height":759,"url":"https:\/\/www.turismobenahavis.org\/wp-content\/uploads\/2020\/07\/slide-munipio-benahavis-1-scaled.jpg","type":"image\/jpeg"}],"twitter_card":"summary_large_image","schema":{"@context":"https:\/\/schema.org","@graph":[{"@type":"WebSite","@id":"https:\/\/www.turismobenahavis.org\/#website","url":"https:\/\/www.turismobenahavis.org\/","name":"Turismo Benahav\u00eds","description":"Informaci\u00f3n acerca del municipio de Benahav\u00eds.","potentialAction":[{"@type":"SearchAction","target":{"@type":"EntryPoint","urlTemplate":"https:\/\/www.turismobenahavis.org\/?s={search_term_string}"},"query-input":"required name=search_term_string"}],"inLanguage":"en-US"},{"@type":"WebPage","@id":"https:\/\/www.turismobenahavis.org\/en\/the-town\/","url":"https:\/\/www.turismobenahavis.org\/en\/the-town\/","name":"The Town - Turismo Benahav\u00eds","isPartOf":{"@id":"https:\/\/www.turismobenahavis.org\/#website"},"datePublished":"2020-06-02T15:02:08+00:00","dateModified":"2020-09-17T11:12:36+00:00","breadcrumb":{"@id":"https:\/\/www.turismobenahavis.org\/en\/the-town\/#breadcrumb"},"inLanguage":"en-US","potentialAction":[{"@type":"ReadAction","target":["https:\/\/www.turismobenahavis.org\/en\/the-town\/"]}]},{"@type":"BreadcrumbList","@id":"https:\/\/www.turismobenahavis.org\/en\/the-town\/#breadcrumb","itemListElement":[{"@type":"ListItem","position":1,"name":"Home","item":"https:\/\/www.turismobenahavis.org\/en\/"},{"@type":"ListItem","position":2,"name":"The Town"}]}]}},"_links":{"self":[{"href":"https:\/\/www.turismobenahavis.org\/en\/wp-json\/wp\/v2\/pages\/3149"}],"collection":[{"href":"https:\/\/www.turismobenahavis.org\/en\/wp-json\/wp\/v2\/pages"}],"about":[{"href":"https:\/\/www.turismobenahavis.org\/en\/wp-json\/wp\/v2\/types\/page"}],"author":[{"embeddable":true,"href":"https:\/\/www.turismobenahavis.org\/en\/wp-json\/wp\/v2\/users\/1"}],"replies":[{"embeddable":true,"href":"https:\/\/www.turismobenahavis.org\/en\/wp-json\/wp\/v2\/comments?post=3149"}],"version-history":[{"count":8,"href":"https:\/\/www.turismobenahavis.org\/en\/wp-json\/wp\/v2\/pages\/3149\/revisions"}],"predecessor-version":[{"id":4751,"href":"https:\/\/www.turismobenahavis.org\/en\/wp-json\/wp\/v2\/pages\/3149\/revisions\/4751"}],"wp:featuredmedia":[{"embeddable":true,"href":"https:\/\/www.turismobenahavis.org\/en\/wp-json\/wp\/v2\/media\/2721"}],"wp:attachment":[{"href":"https:\/\/www.turismobenahavis.org\/en\/wp-json\/wp\/v2\/media?parent=3149"}],"curies":[{"name":"wp","href":"https:\/\/api.w.org\/{rel}","templated":true}]}}